{"id":3811,"date":"2015-04-09T17:05:09","date_gmt":"2015-04-09T16:05:09","guid":{"rendered":"https:\/\/petitlapindepices.wordpress.com\/?page_id=5"},"modified":"2015-04-09T17:05:09","modified_gmt":"2015-04-09T16:05:09","slug":"etre-une-maman-pas-refaite","status":"publish","type":"page","link":"https:\/\/lapindepices.com\/index.php\/etre-une-maman-pas-refaite\/","title":{"rendered":"Etre maman"},"content":{"rendered":"<p>\u00catre maman, c&rsquo;est tout un chamboulement&#8230;<\/p>\n<p>Je ne suis pas la m\u00e8re parfaite, ni une m\u00e8re indigne. J&rsquo;ai arr\u00eat\u00e9 de me mettre la pression, j&rsquo;ai jet\u00e9 les livres de psychologies, j&rsquo;ai arr\u00eat\u00e9 d&rsquo;\u00e9couter les conseils des grands-m\u00e8res&#8230;<\/p>\n<p>Je parle ici de mon v\u00e9cu, je ne suis ni psy, ni p\u00e9diatre, ni journaliste.<\/p>\n<p>Je vous dirais juste que le plus important c&rsquo;est que votre enfant soit en s\u00e9curit\u00e9, qu&rsquo;il soit propre, qu&rsquo;il ait \u00e0 boire et \u00e0 manger et qu&rsquo;il soit en bonne sant\u00e9. Le reste, n&rsquo;est qu&rsquo;une affaire personnelle et chacun fait comme il peut.<\/p>\n","protected":false},"excerpt":{"rendered":"<p>\u00catre maman, c&rsquo;est tout un chamboulement&#8230; Je ne suis pas la m\u00e8re parfaite, ni une m\u00e8re indigne. J&rsquo;ai arr\u00eat\u00e9 de me mettre la pression, j&rsquo;ai jet\u00e9 les livres de psychologies, j&rsquo;ai arr\u00eat\u00e9 d&rsquo;\u00e9couter les conseils des grands-m\u00e8res&#8230; Je parle ici de mon v\u00e9cu, je ne suis ni psy, ni p\u00e9diatre, ni journaliste. Je vous dirais &hellip; <\/p>\n","protected":false},"author":1,"featured_media":0,"parent":0,"menu_order":0,"comment_status":"open","ping_status":"open","template":"","meta":{"spay_email":""},"yoast_head":"<!-- This site is optimized with the Yoast SEO plugin v15.7 - https:\/\/yoast.com\/wordpress\/plugins\/seo\/ -->\n<title>Etre maman - Lapin d&#039;\u00e9pices<\/title>\n<meta name=\"robots\" content=\"index, follow, max-snippet:-1, max-image-preview:large, max-video-preview:-1\" \/>\n<link rel=\"canonical\" href=\"https:\/\/lapindepices.com\/index.php\/etre-une-maman-pas-refaite\/\" \/>\n<meta property=\"og:locale\" content=\"fr_FR\" \/>\n<meta property=\"og:type\" content=\"article\" \/>\n<meta property=\"og:title\" content=\"Etre maman - Lapin d&#039;\u00e9pices\" \/>\n<meta property=\"og:description\" content=\"\u00catre maman, c&rsquo;est tout un chamboulement&#8230; Je ne suis pas la m\u00e8re parfaite, ni une m\u00e8re indigne. J&rsquo;ai arr\u00eat\u00e9 de me mettre la pression, j&rsquo;ai jet\u00e9 les livres de psychologies, j&rsquo;ai arr\u00eat\u00e9 d&rsquo;\u00e9couter les conseils des grands-m\u00e8res&#8230; Je parle ici de mon v\u00e9cu, je ne suis ni psy, ni p\u00e9diatre, ni journaliste. Je vous dirais &hellip;\" \/>\n<meta property=\"og:url\" content=\"https:\/\/lapindepices.com\/index.php\/etre-une-maman-pas-refaite\/\" \/>\n<meta property=\"og:site_name\" content=\"Lapin d&#039;\u00e9pices\" \/>\n<meta name=\"twitter:card\" content=\"summary_large_image\" \/>\n<meta name=\"twitter:label1\" content=\"Dur\u00e9e de lecture est.\">\n\t<meta name=\"twitter:data1\" content=\"1 minute\">\n<script type=\"application\/ld+json\" class=\"yoast-schema-graph\">{\"@context\":\"https:\/\/schema.org\",\"@graph\":[{\"@type\":[\"Person\",\"Organization\"],\"@id\":\"https:\/\/lapindepices.com\/#\/schema\/person\/d50898bc10536f6a07a1a99d68ae4240\",\"name\":\"Lapindepices\",\"image\":{\"@type\":\"ImageObject\",\"@id\":\"https:\/\/lapindepices.com\/#personlogo\",\"inLanguage\":\"fr-FR\",\"url\":\"https:\/\/secure.gravatar.com\/avatar\/b3108c59bcbca9afdc12c7b74bca17f2?s=96&d=mm&r=g\",\"caption\":\"Lapindepices\"},\"logo\":{\"@id\":\"https:\/\/lapindepices.com\/#personlogo\"}},{\"@type\":\"WebSite\",\"@id\":\"https:\/\/lapindepices.com\/#website\",\"url\":\"https:\/\/lapindepices.com\/\",\"name\":\"Lapin-d-epices\",\"description\":\"Le blog d&#039;une maman cr\\u00e9ative et de son petit lapin autiste\",\"publisher\":{\"@id\":\"https:\/\/lapindepices.com\/#\/schema\/person\/d50898bc10536f6a07a1a99d68ae4240\"},\"potentialAction\":[{\"@type\":\"SearchAction\",\"target\":\"https:\/\/lapindepices.com\/?s={search_term_string}\",\"query-input\":\"required name=search_term_string\"}],\"inLanguage\":\"fr-FR\"},{\"@type\":\"WebPage\",\"@id\":\"https:\/\/lapindepices.com\/index.php\/etre-une-maman-pas-refaite\/#webpage\",\"url\":\"https:\/\/lapindepices.com\/index.php\/etre-une-maman-pas-refaite\/\",\"name\":\"Etre maman - Lapin d&#039;\\u00e9pices\",\"isPartOf\":{\"@id\":\"https:\/\/lapindepices.com\/#website\"},\"datePublished\":\"2015-04-09T16:05:09+00:00\",\"dateModified\":\"2015-04-09T16:05:09+00:00\",\"inLanguage\":\"fr-FR\",\"potentialAction\":[{\"@type\":\"ReadAction\",\"target\":[\"https:\/\/lapindepices.com\/index.php\/etre-une-maman-pas-refaite\/\"]}]}]}<\/script>\n<!-- \/ Yoast SEO plugin. -->","_links":{"self":[{"href":"https:\/\/lapindepices.com\/index.php\/wp-json\/wp\/v2\/pages\/3811"}],"collection":[{"href":"https:\/\/lapindepices.com\/index.php\/wp-json\/wp\/v2\/pages"}],"about":[{"href":"https:\/\/lapindepices.com\/index.php\/wp-json\/wp\/v2\/types\/page"}],"author":[{"embeddable":true,"href":"https:\/\/lapindepices.com\/index.php\/wp-json\/wp\/v2\/users\/1"}],"replies":[{"embeddable":true,"href":"https:\/\/lapindepices.com\/index.php\/wp-json\/wp\/v2\/comments?post=3811"}],"version-history":[{"count":0,"href":"https:\/\/lapindepices.com\/index.php\/wp-json\/wp\/v2\/pages\/3811\/revisions"}],"wp:attachment":[{"href":"https:\/\/lapindepices.com\/index.php\/wp-json\/wp\/v2\/media?parent=3811"}],"curies":[{"name":"wp","href":"https:\/\/api.w.org\/{rel}","templated":true}]}}