{"id":365,"date":"2015-04-17T11:33:04","date_gmt":"2015-04-17T10:33:04","guid":{"rendered":"https:\/\/petitlapindepices.wordpress.com\/?page_id=365"},"modified":"2018-04-03T16:54:35","modified_gmt":"2018-04-03T14:54:35","slug":"accueil","status":"publish","type":"page","link":"https:\/\/lapindepices.com\/","title":{"rendered":"Bienvenue"},"content":{"rendered":"<p style=\"text-align: justify;\">Bienvenue sur <strong>Petit Lapin d&rsquo;Epices<\/strong>, un blog pour\u00a0les mamans cr\u00e9atives, mais aussi pour les mamans et les cr\u00e9atives!<\/p>\n<p style=\"text-align: justify;\">Maman d&rsquo;une petite fille atypique\u00a0n\u00e9e en 2013, j&rsquo;ai d\u00e9cid\u00e9 de partager avec vous\u00a0mes (mes)aventures cr\u00e9atives, mes d\u00e9couvertes ludiques pour les petits, mes d\u00e9buts\u00a0de maman, mes bons plans, mes coups de c\u0153ur,\u00a0mais aussi mes coups de gueule et mes questionnements sur la vie, sur la maternit\u00e9, mais\u00a0surtout sur l&rsquo;autisme\u00a0\ud83d\ude09<\/p>\n<p style=\"text-align: justify;\">Je partage aussi mes rencontres (r\u00e9elles et virtuelles) avec d&rsquo;autres cr\u00e9ateurs et d&rsquo;autres mamans cr\u00e9atives.<\/p>\n<p><img loading=\"lazy\" class=\"alignnone size-full wp-image-2761\" src=\"https:\/\/petitlapindepices.files.wordpress.com\/2016\/03\/cropped-img_20160324_162228.jpg?resize=1020%2C1089\" alt=\"cropped-img_20160324_162228.jpg\" width=\"1020\" height=\"1089\" data-recalc-dims=\"1\" \/><\/p>\n<p style=\"text-align: justify;\">Ce blog est n\u00e9 le 22 avril 2015. J&rsquo;y ai inclus les articles de mon ancien blog. En un an, vous avez \u00e9t\u00e9 pas loin de 30.000 \u00e0 me lire, alors je tenais \u00e0 vous remercier\u00a0de me donner encore envie d&rsquo;\u00e9crire.<\/p>\n<p style=\"text-align: justify;\">Et vous, qui d\u00e9couvrez ce blog pour la premi\u00e8re fois, j&rsquo;esp\u00e8re que vous trouverez ici, quelques \u00e9crits qui vous donneront envie de revenir.<\/p>\n<p>Bonne lecture,<\/p>\n<p>E.<\/p>\n<p>&nbsp;<\/p>\n<p>&nbsp;<\/p>\n","protected":false},"excerpt":{"rendered":"<p>Bienvenue sur Petit Lapin d&rsquo;Epices, un blog pour\u00a0les mamans cr\u00e9atives, mais aussi pour les mamans et les cr\u00e9atives! Maman d&rsquo;une petite fille atypique\u00a0n\u00e9e en 2013, j&rsquo;ai d\u00e9cid\u00e9 de partager avec vous\u00a0mes (mes)aventures cr\u00e9atives, mes d\u00e9couvertes ludiques pour les petits, mes d\u00e9buts\u00a0de maman, mes bons plans, mes coups de c\u0153ur,\u00a0mais aussi mes coups de gueule et &hellip; <\/p>\n","protected":false},"author":1,"featured_media":0,"parent":0,"menu_order":0,"comment_status":"open","ping_status":"open","template":"","meta":{"spay_email":""},"yoast_head":"<!-- This site is optimized with the Yoast SEO plugin v15.7 - https:\/\/yoast.com\/wordpress\/plugins\/seo\/ -->\n<title>Bienvenue - Lapin d&#039;\u00e9pices<\/title>\n<meta name=\"robots\" content=\"index, follow, max-snippet:-1, max-image-preview:large, max-video-preview:-1\" \/>\n<link rel=\"canonical\" href=\"https:\/\/lapindepices.com\/\" \/>\n<meta property=\"og:locale\" content=\"fr_FR\" \/>\n<meta property=\"og:type\" content=\"article\" \/>\n<meta property=\"og:title\" content=\"Bienvenue - Lapin d&#039;\u00e9pices\" \/>\n<meta property=\"og:description\" content=\"Bienvenue sur Petit Lapin d&rsquo;Epices, un blog pour\u00a0les mamans cr\u00e9atives, mais aussi pour les mamans et les cr\u00e9atives! Maman d&rsquo;une petite fille atypique\u00a0n\u00e9e en 2013, j&rsquo;ai d\u00e9cid\u00e9 de partager avec vous\u00a0mes (mes)aventures cr\u00e9atives, mes d\u00e9couvertes ludiques pour les petits, mes d\u00e9buts\u00a0de maman, mes bons plans, mes coups de c\u0153ur,\u00a0mais aussi mes coups de gueule et &hellip;\" \/>\n<meta property=\"og:url\" content=\"https:\/\/lapindepices.com\/\" \/>\n<meta property=\"og:site_name\" content=\"Lapin d&#039;\u00e9pices\" \/>\n<meta property=\"article:modified_time\" content=\"2018-04-03T14:54:35+00:00\" \/>\n<meta property=\"og:image\" content=\"https:\/\/petitlapindepices.files.wordpress.com\/2016\/03\/cropped-img_20160324_162228.jpg\" \/>\n<meta name=\"twitter:card\" content=\"summary_large_image\" \/>\n<meta name=\"twitter:label1\" content=\"Dur\u00e9e de lecture est.\">\n\t<meta name=\"twitter:data1\" content=\"1 minute\">\n<script type=\"application\/ld+json\" class=\"yoast-schema-graph\">{\"@context\":\"https:\/\/schema.org\",\"@graph\":[{\"@type\":[\"Person\",\"Organization\"],\"@id\":\"https:\/\/lapindepices.com\/#\/schema\/person\/d50898bc10536f6a07a1a99d68ae4240\",\"name\":\"Lapindepices\",\"image\":{\"@type\":\"ImageObject\",\"@id\":\"https:\/\/lapindepices.com\/#personlogo\",\"inLanguage\":\"fr-FR\",\"url\":\"https:\/\/secure.gravatar.com\/avatar\/b3108c59bcbca9afdc12c7b74bca17f2?s=96&d=mm&r=g\",\"caption\":\"Lapindepices\"},\"logo\":{\"@id\":\"https:\/\/lapindepices.com\/#personlogo\"}},{\"@type\":\"WebSite\",\"@id\":\"https:\/\/lapindepices.com\/#website\",\"url\":\"https:\/\/lapindepices.com\/\",\"name\":\"Lapin-d-epices\",\"description\":\"Le blog d&#039;une maman cr\\u00e9ative et de son petit lapin autiste\",\"publisher\":{\"@id\":\"https:\/\/lapindepices.com\/#\/schema\/person\/d50898bc10536f6a07a1a99d68ae4240\"},\"potentialAction\":[{\"@type\":\"SearchAction\",\"target\":\"https:\/\/lapindepices.com\/?s={search_term_string}\",\"query-input\":\"required name=search_term_string\"}],\"inLanguage\":\"fr-FR\"},{\"@type\":\"ImageObject\",\"@id\":\"https:\/\/lapindepices.com\/#primaryimage\",\"inLanguage\":\"fr-FR\",\"url\":\"https:\/\/petitlapindepices.files.wordpress.com\/2016\/03\/cropped-img_20160324_162228.jpg\"},{\"@type\":\"WebPage\",\"@id\":\"https:\/\/lapindepices.com\/#webpage\",\"url\":\"https:\/\/lapindepices.com\/\",\"name\":\"Bienvenue - Lapin d&#039;\\u00e9pices\",\"isPartOf\":{\"@id\":\"https:\/\/lapindepices.com\/#website\"},\"primaryImageOfPage\":{\"@id\":\"https:\/\/lapindepices.com\/#primaryimage\"},\"datePublished\":\"2015-04-17T10:33:04+00:00\",\"dateModified\":\"2018-04-03T14:54:35+00:00\",\"inLanguage\":\"fr-FR\",\"potentialAction\":[{\"@type\":\"ReadAction\",\"target\":[\"https:\/\/lapindepices.com\/\"]}]}]}<\/script>\n<!-- \/ Yoast SEO plugin. -->","_links":{"self":[{"href":"https:\/\/lapindepices.com\/index.php\/wp-json\/wp\/v2\/pages\/365"}],"collection":[{"href":"https:\/\/lapindepices.com\/index.php\/wp-json\/wp\/v2\/pages"}],"about":[{"href":"https:\/\/lapindepices.com\/index.php\/wp-json\/wp\/v2\/types\/page"}],"author":[{"embeddable":true,"href":"https:\/\/lapindepices.com\/index.php\/wp-json\/wp\/v2\/users\/1"}],"replies":[{"embeddable":true,"href":"https:\/\/lapindepices.com\/index.php\/wp-json\/wp\/v2\/comments?post=365"}],"version-history":[{"count":1,"href":"https:\/\/lapindepices.com\/index.php\/wp-json\/wp\/v2\/pages\/365\/revisions"}],"predecessor-version":[{"id":4765,"href":"https:\/\/lapindepices.com\/index.php\/wp-json\/wp\/v2\/pages\/365\/revisions\/4765"}],"wp:attachment":[{"href":"https:\/\/lapindepices.com\/index.php\/wp-json\/wp\/v2\/media?parent=365"}],"curies":[{"name":"wp","href":"https:\/\/api.w.org\/{rel}","templated":true}]}}