{"id":32,"date":"2015-04-09T17:11:26","date_gmt":"2015-04-09T16:11:26","guid":{"rendered":"https:\/\/petitlapindepices.wordpress.com\/?page_id=32"},"modified":"2018-04-03T16:55:07","modified_gmt":"2018-04-03T14:55:07","slug":"nos-petits-lapins-depices","status":"publish","type":"page","link":"https:\/\/lapindepices.com\/index.php\/nos-petits-lapins-depices\/","title":{"rendered":"Mon lapin d&rsquo;\u00e9pices"},"content":{"rendered":"<p>Je partage avec vous mes d\u00e9couvertes en mati\u00e8re d&rsquo;activit\u00e9s ludiques, manuelles, de sorties, de livres et de jouets.<\/p>\n<p>Bien sur, ce n&rsquo;est qu&rsquo;\u00e0 chaque fois que mon humble avis ou les go\u00fbts de Lapin.<\/p>\n<p>J&rsquo;esp\u00e8re que vous y trouverez quand-m\u00eame de bonnes id\u00e9es! ^^<\/p>\n","protected":false},"excerpt":{"rendered":"<p>Je partage avec vous mes d\u00e9couvertes en mati\u00e8re d&rsquo;activit\u00e9s ludiques, manuelles, de sorties, de livres et de jouets. Bien sur, ce n&rsquo;est qu&rsquo;\u00e0 chaque fois que mon humble avis ou les go\u00fbts de Lapin. J&rsquo;esp\u00e8re que vous y trouverez quand-m\u00eame de bonnes id\u00e9es! ^^<\/p>\n","protected":false},"author":1,"featured_media":0,"parent":0,"menu_order":0,"comment_status":"open","ping_status":"open","template":"","meta":{"spay_email":""},"yoast_head":"<!-- This site is optimized with the Yoast SEO plugin v15.7 - https:\/\/yoast.com\/wordpress\/plugins\/seo\/ -->\n<title>Mon lapin d&#039;\u00e9pices - Lapin d&#039;\u00e9pices<\/title>\n<meta name=\"robots\" content=\"index, follow, max-snippet:-1, max-image-preview:large, max-video-preview:-1\" \/>\n<link rel=\"canonical\" href=\"https:\/\/lapindepices.com\/index.php\/nos-petits-lapins-depices\/\" \/>\n<meta property=\"og:locale\" content=\"fr_FR\" \/>\n<meta property=\"og:type\" content=\"article\" \/>\n<meta property=\"og:title\" content=\"Mon lapin d&#039;\u00e9pices - Lapin d&#039;\u00e9pices\" \/>\n<meta property=\"og:description\" content=\"Je partage avec vous mes d\u00e9couvertes en mati\u00e8re d&rsquo;activit\u00e9s ludiques, manuelles, de sorties, de livres et de jouets. Bien sur, ce n&rsquo;est qu&rsquo;\u00e0 chaque fois que mon humble avis ou les go\u00fbts de Lapin. J&rsquo;esp\u00e8re que vous y trouverez quand-m\u00eame de bonnes id\u00e9es! ^^\" \/>\n<meta property=\"og:url\" content=\"https:\/\/lapindepices.com\/index.php\/nos-petits-lapins-depices\/\" \/>\n<meta property=\"og:site_name\" content=\"Lapin d&#039;\u00e9pices\" \/>\n<meta property=\"article:modified_time\" content=\"2018-04-03T14:55:07+00:00\" \/>\n<meta name=\"twitter:card\" content=\"summary_large_image\" \/>\n<script type=\"application\/ld+json\" class=\"yoast-schema-graph\">{\"@context\":\"https:\/\/schema.org\",\"@graph\":[{\"@type\":[\"Person\",\"Organization\"],\"@id\":\"https:\/\/lapindepices.com\/#\/schema\/person\/d50898bc10536f6a07a1a99d68ae4240\",\"name\":\"Lapindepices\",\"image\":{\"@type\":\"ImageObject\",\"@id\":\"https:\/\/lapindepices.com\/#personlogo\",\"inLanguage\":\"fr-FR\",\"url\":\"https:\/\/secure.gravatar.com\/avatar\/b3108c59bcbca9afdc12c7b74bca17f2?s=96&d=mm&r=g\",\"caption\":\"Lapindepices\"},\"logo\":{\"@id\":\"https:\/\/lapindepices.com\/#personlogo\"}},{\"@type\":\"WebSite\",\"@id\":\"https:\/\/lapindepices.com\/#website\",\"url\":\"https:\/\/lapindepices.com\/\",\"name\":\"Lapin-d-epices\",\"description\":\"Le blog d&#039;une maman cr\\u00e9ative et de son petit lapin autiste\",\"publisher\":{\"@id\":\"https:\/\/lapindepices.com\/#\/schema\/person\/d50898bc10536f6a07a1a99d68ae4240\"},\"potentialAction\":[{\"@type\":\"SearchAction\",\"target\":\"https:\/\/lapindepices.com\/?s={search_term_string}\",\"query-input\":\"required name=search_term_string\"}],\"inLanguage\":\"fr-FR\"},{\"@type\":\"WebPage\",\"@id\":\"https:\/\/lapindepices.com\/index.php\/nos-petits-lapins-depices\/#webpage\",\"url\":\"https:\/\/lapindepices.com\/index.php\/nos-petits-lapins-depices\/\",\"name\":\"Mon lapin d'\\u00e9pices - Lapin d&#039;\\u00e9pices\",\"isPartOf\":{\"@id\":\"https:\/\/lapindepices.com\/#website\"},\"datePublished\":\"2015-04-09T16:11:26+00:00\",\"dateModified\":\"2018-04-03T14:55:07+00:00\",\"inLanguage\":\"fr-FR\",\"potentialAction\":[{\"@type\":\"ReadAction\",\"target\":[\"https:\/\/lapindepices.com\/index.php\/nos-petits-lapins-depices\/\"]}]}]}<\/script>\n<!-- \/ Yoast SEO plugin. -->","_links":{"self":[{"href":"https:\/\/lapindepices.com\/index.php\/wp-json\/wp\/v2\/pages\/32"}],"collection":[{"href":"https:\/\/lapindepices.com\/index.php\/wp-json\/wp\/v2\/pages"}],"about":[{"href":"https:\/\/lapindepices.com\/index.php\/wp-json\/wp\/v2\/types\/page"}],"author":[{"embeddable":true,"href":"https:\/\/lapindepices.com\/index.php\/wp-json\/wp\/v2\/users\/1"}],"replies":[{"embeddable":true,"href":"https:\/\/lapindepices.com\/index.php\/wp-json\/wp\/v2\/comments?post=32"}],"version-history":[{"count":1,"href":"https:\/\/lapindepices.com\/index.php\/wp-json\/wp\/v2\/pages\/32\/revisions"}],"predecessor-version":[{"id":4766,"href":"https:\/\/lapindepices.com\/index.php\/wp-json\/wp\/v2\/pages\/32\/revisions\/4766"}],"wp:attachment":[{"href":"https:\/\/lapindepices.com\/index.php\/wp-json\/wp\/v2\/media?parent=32"}],"curies":[{"name":"wp","href":"https:\/\/api.w.org\/{rel}","templated":true}]}}