{"id":1,"date":"2015-04-09T15:42:55","date_gmt":"2015-04-09T15:42:55","guid":{"rendered":"http:\/\/petitlapindepices.wordpress.com\/?page_id=1"},"modified":"2015-04-09T15:42:55","modified_gmt":"2015-04-09T15:42:55","slug":"a-propos","status":"publish","type":"page","link":"https:\/\/lapindepices.com\/index.php\/a-propos\/","title":{"rendered":"Qui suis-je?"},"content":{"rendered":"<p style=\"text-align:justify;\">Bonjour \u00e0 vous,<\/p>\n<p style=\"text-align:justify;\">Si vous \u00eates curieux de savoir qui se cache derri\u00e8re ces quelques mots, j&rsquo;esp\u00e8re que vous trouverez dans ces quelques lignes, de quoi satisfaire votre curiosit\u00e9!<\/p>\n<p style=\"text-align:justify;\"><span style=\"text-decoration:underline;\">Moi, la cr\u00e9atrice<\/span>:<\/p>\n<p style=\"text-align:justify;\">Je suis une grande enfant. Passionn\u00e9e de loisirs cr\u00e9atifs et d&rsquo;art en tout genre, je n&rsquo;ai pas la possibilit\u00e9 d&rsquo;\u00e9voluer professionnellement dans ce que j&rsquo;aime, ma plus grande frustration. je suis une touche-\u00e0-tout, avec des domaines de pr\u00e9dilection comme\u00a0le modelage et le dessin. Gamine, je fabriquais des personnages en p\u00e2te \u00e0 modeler que je laissais durcir. Ils \u00e9taient ma fiert\u00e9. J&rsquo;ai toujours dessin\u00e9 \u00e0 mon niveau, des personnages que j&rsquo;inventais ou des caricatures des gens de ma classe.<\/p>\n<p style=\"text-align:justify;\">Mes plus grandes p\u00e9riodes de cr\u00e9ation \u00e9taient quand j&rsquo;\u00e9tais animatrice. Les activit\u00e9s manuelles, j&rsquo;adorais \u00e7a et c&rsquo;\u00e9tait toute ma vie. Mais quand il faut manger, on doit parfois changer de voie professionnelle et l\u00e0, je bossais au Mus\u00e9e Gr\u00e9vin, c&rsquo;\u00e9tait tout sauf folichon niveau cr\u00e9ativit\u00e9. Seule joie: Pouvoir admirer des petits fours et autres aliments en r\u00e9sine expos\u00e9s et le merveilleux travail de mes coll\u00e8gues des ateliers.<\/p>\n<p style=\"text-align:justify;\"><img loading=\"lazy\" class=\"alignnone size-full wp-image-953\" src=\"https:\/\/petitlapindepices.files.wordpress.com\/2015\/09\/lapin-2.jpg?resize=790%2C238\" alt=\"lapin (2)\" width=\"790\" height=\"238\" data-recalc-dims=\"1\" \/><\/p>\n<p style=\"text-align:justify;\">Et un jour de 2010, l&rsquo;envie m&rsquo;est revenue de m&rsquo;y mettre. Je me suis ruin\u00e9e en peinture, fimo et autres trucs que j&rsquo;ai accumul\u00e9 car \u00ab\u00a0\u00e7a peut servir\u00a0\u00bb et l&rsquo;aventure a commenc\u00e9. J&rsquo;ai appris \u00e0 coudre (\u00e0 mon niveau) et \u00e0 perfectionner les techniques mais boulimique, j&rsquo;en veux toujours\u00a0plus.<\/p>\n<p style=\"text-align:justify;\"><strong>J&rsquo;ai aussi cr\u00e9\u00e9 un site \u00ab\u00a0<a title=\"Mademoiselle Koshka\" href=\"http:\/\/mademoisellekoshka.wordpress.com\/\" target=\"_blank\">Mademoiselle Koshka<\/a>\u00a0\u00bb o\u00f9 j&rsquo;expose mes propres cr\u00e9ations.<\/strong><\/p>\n<p style=\"text-align:justify;\">Et j&rsquo;ai \u00e9galement une petite boutique en ligne \u00ab\u00a0<a title=\"Boutique Mademoiselle Koshka\" href=\"http:\/\/mademoisellekoshka.alittlemarket.com\" target=\"_blank\">Boutique Mademoiselle Koshka<\/a>\u00ab\u00a0, une cha\u00eene YouTube avec des tutos, une boutique sur Etsy et Alittlemarket.<\/p>\n<p style=\"text-align:justify;\">Vous pouvez me suivre sur Instagram, Facebook, Pinterest\u00a0et Twitter sous le nom de Mademoiselle Koshka.<\/p>\n<ul>\n<li style=\"text-align:justify;\"><span style=\"text-decoration:underline;\">Moi, la blogueuse<\/span>:<\/li>\n<\/ul>\n<p style=\"text-align:justify;\">D\u00e9but 2011, j&rsquo;ouvrais le blog \u00ab\u00a0the Cupcake Factory\u00a0\u00bb. Quatre ans plus tard, <strong>31.000 visiteurs<\/strong>, il ferme pour des raisons tr\u00e8s personnelles. Je d\u00e9cide d&rsquo;ouvrir \u00ab\u00a0Petit Lapin d&rsquo;Epices\u00a0\u00bb en r\u00e9cup\u00e9rant tous mes articles et en y ajoutant ceux de mon blog priv\u00e9 de maman.<\/p>\n<p style=\"text-align:justify;\">Je ne suis pas pay\u00e9e pour les produits que je teste, je les ach\u00e8te et en parle. Ici, tout est authentique.\u00a0Ma plus belle cr\u00e9ation reste ma fille, \u00e0 qui je d\u00e9die tout ce que je fais, et que l&rsquo;on nomme affectueusement <strong>\u00ab\u00a0Lapin d\u2019\u00e9pices\u00a0\u00bb<\/strong>.<\/p>\n<ul>\n<li style=\"text-align:justify;\"><span style=\"text-decoration:underline;\">Moi, moi-m\u00eame<\/span>:<\/li>\n<\/ul>\n<p style=\"text-align:justify;\">Mon univers tourne autour des jouets vintage que je collectionne, de Tim Burton, de Roal Dahl, de d\u00e9coration vintage, de cupcake, de chat, de Miyazaki, de Musha, de noir et blanc, de violet et de turquoise, de rayures&#8230; et de ma poup\u00e9e.<\/p>\n<ul>\n<li><span style=\"text-decoration:underline;\">Moi, la maman d&rsquo;une petite fleur atypique<\/span>:<\/li>\n<\/ul>\n<p style=\"text-align:justify;\">Lapin est n\u00e9e un lundi de printemps 2013. Elle est \u00ab\u00a0diff\u00e9rente\u00a0\u00bb, \u00ab\u00a0difficile\u00a0\u00bb, elle nous pousse \u00e0 nous conna\u00eetre et avoir un peu plus confiance en nous chaque jour. Notre quotidien n&rsquo;est pas\u00a0difficile, il est juste un peu fatiguant et bruyant. \u00a0Lapin est autiste et pour rien au monde, on ne voudrait changer cela.<\/p>\n<p style=\"text-align:justify;\">J&rsquo;esp\u00e8re que vous prendrez autant de plaisir \u00e0 lire que moi j&rsquo;ai \u00e0 \u00e9crire \ud83d\ude09<\/p>\n<p style=\"text-align:justify;\">A tr\u00e8s vite,<\/p>\n<p style=\"text-align:justify;\">E.<\/p>\n","protected":false},"excerpt":{"rendered":"<p>Bonjour \u00e0 vous, Si vous \u00eates curieux de savoir qui se cache derri\u00e8re ces quelques mots, j&rsquo;esp\u00e8re que vous trouverez dans ces quelques lignes, de quoi satisfaire votre curiosit\u00e9! Moi, la cr\u00e9atrice: Je suis une grande enfant. Passionn\u00e9e de loisirs cr\u00e9atifs et d&rsquo;art en tout genre, je n&rsquo;ai pas la possibilit\u00e9 d&rsquo;\u00e9voluer professionnellement dans ce &hellip; <\/p>\n","protected":false},"author":1,"featured_media":0,"parent":0,"menu_order":0,"comment_status":"open","ping_status":"open","template":"","meta":{"spay_email":""},"yoast_head":"<!-- This site is optimized with the Yoast SEO plugin v15.7 - https:\/\/yoast.com\/wordpress\/plugins\/seo\/ -->\n<title>Qui suis-je? - Lapin d&#039;\u00e9pices<\/title>\n<meta name=\"robots\" content=\"index, follow, max-snippet:-1, max-image-preview:large, max-video-preview:-1\" \/>\n<link rel=\"canonical\" href=\"https:\/\/lapindepices.com\/index.php\/a-propos\/\" \/>\n<meta property=\"og:locale\" content=\"fr_FR\" \/>\n<meta property=\"og:type\" content=\"article\" \/>\n<meta property=\"og:title\" content=\"Qui suis-je? - Lapin d&#039;\u00e9pices\" \/>\n<meta property=\"og:description\" content=\"Bonjour \u00e0 vous, Si vous \u00eates curieux de savoir qui se cache derri\u00e8re ces quelques mots, j&rsquo;esp\u00e8re que vous trouverez dans ces quelques lignes, de quoi satisfaire votre curiosit\u00e9! Moi, la cr\u00e9atrice: Je suis une grande enfant. Passionn\u00e9e de loisirs cr\u00e9atifs et d&rsquo;art en tout genre, je n&rsquo;ai pas la possibilit\u00e9 d&rsquo;\u00e9voluer professionnellement dans ce &hellip;\" \/>\n<meta property=\"og:url\" content=\"https:\/\/lapindepices.com\/index.php\/a-propos\/\" \/>\n<meta property=\"og:site_name\" content=\"Lapin d&#039;\u00e9pices\" \/>\n<meta property=\"og:image\" content=\"https:\/\/petitlapindepices.files.wordpress.com\/2015\/09\/lapin-2.jpg\" \/>\n<meta name=\"twitter:card\" content=\"summary_large_image\" \/>\n<meta name=\"twitter:label1\" content=\"Dur\u00e9e de lecture est.\">\n\t<meta name=\"twitter:data1\" content=\"3 minutes\">\n<script type=\"application\/ld+json\" class=\"yoast-schema-graph\">{\"@context\":\"https:\/\/schema.org\",\"@graph\":[{\"@type\":[\"Person\",\"Organization\"],\"@id\":\"https:\/\/lapindepices.com\/#\/schema\/person\/d50898bc10536f6a07a1a99d68ae4240\",\"name\":\"Lapindepices\",\"image\":{\"@type\":\"ImageObject\",\"@id\":\"https:\/\/lapindepices.com\/#personlogo\",\"inLanguage\":\"fr-FR\",\"url\":\"https:\/\/secure.gravatar.com\/avatar\/b3108c59bcbca9afdc12c7b74bca17f2?s=96&d=mm&r=g\",\"caption\":\"Lapindepices\"},\"logo\":{\"@id\":\"https:\/\/lapindepices.com\/#personlogo\"}},{\"@type\":\"WebSite\",\"@id\":\"https:\/\/lapindepices.com\/#website\",\"url\":\"https:\/\/lapindepices.com\/\",\"name\":\"Lapin-d-epices\",\"description\":\"Le blog d&#039;une maman cr\\u00e9ative et de son petit lapin autiste\",\"publisher\":{\"@id\":\"https:\/\/lapindepices.com\/#\/schema\/person\/d50898bc10536f6a07a1a99d68ae4240\"},\"potentialAction\":[{\"@type\":\"SearchAction\",\"target\":\"https:\/\/lapindepices.com\/?s={search_term_string}\",\"query-input\":\"required name=search_term_string\"}],\"inLanguage\":\"fr-FR\"},{\"@type\":\"ImageObject\",\"@id\":\"https:\/\/lapindepices.com\/index.php\/a-propos\/#primaryimage\",\"inLanguage\":\"fr-FR\",\"url\":\"https:\/\/petitlapindepices.files.wordpress.com\/2015\/09\/lapin-2.jpg\"},{\"@type\":\"WebPage\",\"@id\":\"https:\/\/lapindepices.com\/index.php\/a-propos\/#webpage\",\"url\":\"https:\/\/lapindepices.com\/index.php\/a-propos\/\",\"name\":\"Qui suis-je? - Lapin d&#039;\\u00e9pices\",\"isPartOf\":{\"@id\":\"https:\/\/lapindepices.com\/#website\"},\"primaryImageOfPage\":{\"@id\":\"https:\/\/lapindepices.com\/index.php\/a-propos\/#primaryimage\"},\"datePublished\":\"2015-04-09T15:42:55+00:00\",\"dateModified\":\"2015-04-09T15:42:55+00:00\",\"inLanguage\":\"fr-FR\",\"potentialAction\":[{\"@type\":\"ReadAction\",\"target\":[\"https:\/\/lapindepices.com\/index.php\/a-propos\/\"]}]}]}<\/script>\n<!-- \/ Yoast SEO plugin. -->","_links":{"self":[{"href":"https:\/\/lapindepices.com\/index.php\/wp-json\/wp\/v2\/pages\/1"}],"collection":[{"href":"https:\/\/lapindepices.com\/index.php\/wp-json\/wp\/v2\/pages"}],"about":[{"href":"https:\/\/lapindepices.com\/index.php\/wp-json\/wp\/v2\/types\/page"}],"author":[{"embeddable":true,"href":"https:\/\/lapindepices.com\/index.php\/wp-json\/wp\/v2\/users\/1"}],"replies":[{"embeddable":true,"href":"https:\/\/lapindepices.com\/index.php\/wp-json\/wp\/v2\/comments?post=1"}],"version-history":[{"count":0,"href":"https:\/\/lapindepices.com\/index.php\/wp-json\/wp\/v2\/pages\/1\/revisions"}],"wp:attachment":[{"href":"https:\/\/lapindepices.com\/index.php\/wp-json\/wp\/v2\/media?parent=1"}],"curies":[{"name":"wp","href":"https:\/\/api.w.org\/{rel}","templated":true}]}}